{"id":2393,"date":"2024-11-22T15:52:46","date_gmt":"2024-11-22T14:52:46","guid":{"rendered":"https:\/\/lascolinasresidential.com\/?page_id=2393"},"modified":"2024-12-16T11:24:19","modified_gmt":"2024-12-16T10:24:19","slug":"aviso-legal","status":"publish","type":"page","link":"https:\/\/lascolinasresidential.com\/es\/aviso-legal\/","title":{"rendered":"Aviso legal"},"content":{"rendered":"\t\t<div data-elementor-type=\"wp-page\" data-elementor-id=\"2393\" class=\"elementor elementor-2393\" data-elementor-post-type=\"page\">\n\t\t\t\t<div class=\"elementor-element elementor-element-24dbce9 breadcrumb e-flex e-con-boxed e-con e-parent\" data-id=\"24dbce9\" data-element_type=\"container\">\n\t\t\t\t\t<div class=\"e-con-inner\">\n\t\t\t\t<div class=\"elementor-element elementor-element-7b39c7b elementor-widget elementor-widget-breadcrumbs\" data-id=\"7b39c7b\" data-element_type=\"widget\" data-widget_type=\"breadcrumbs.default\">\n\t\t\t\t<div class=\"elementor-widget-container\">\n\t\t\t\t\t<p id=\"breadcrumbs\"><span><span><a href=\"https:\/\/lascolinasresidential.com\/es\/\">Home<\/a><\/span><\/span><\/p>\t\t\t\t<\/div>\n\t\t\t\t<\/div>\n\t\t\t\t\t<\/div>\n\t\t\t\t<\/div>\n\t\t<div class=\"elementor-element elementor-element-459a504 legal-content e-flex e-con-boxed e-con e-parent\" data-id=\"459a504\" data-element_type=\"container\">\n\t\t\t\t\t<div class=\"e-con-inner\">\n\t\t\t\t<div class=\"elementor-element elementor-element-2055fec elementor-widget elementor-widget-text-editor\" data-id=\"2055fec\" data-element_type=\"widget\" data-widget_type=\"text-editor.default\">\n\t\t\t\t<div class=\"elementor-widget-container\">\n\t\t\t\t\t\t\t\t\t\n\t\t\t\t\t\t\t<p><b><span data-contrast=\"none\">Colinas Golf Residencial S.L.<\/span><\/b><span data-contrast=\"none\">\u202f(en adelante Colinas), en cumplimiento de la Ley 34\/2002, de 11 de Julio, de la Sociedad de la Informaci\u00f3n y de Comercio Electr\u00f3nico, pone a disposici\u00f3n de sus clientes y de los usuarios de su p\u00e1gina Web, la siguiente informaci\u00f3n&nbsp;&nbsp;<\/span><span data-ccp-props=\"{&quot;134233117&quot;:true,&quot;134233118&quot;:true,&quot;201341983&quot;:0,&quot;335551550&quot;:6,&quot;335551620&quot;:6,&quot;335559739&quot;:300,&quot;335559740&quot;:240}\">&nbsp;<\/span><\/p>\n<p><span data-contrast=\"none\">Este Sitio Web es propiedad de Colinas Golf Residencial S.L., con domicilio en C\/Luchana, 23 \u2013 Madrid, con C.I.F. N\u00ba B-83.995.142, inscrita en el Registro Mercantil de Madrid, Tomo 20102, Folio 121, Secci\u00f3n 8\u00aa, Hoja M-354823.. Email de contacto: <\/span><a href=\"mailto:info@lascolinasgolf.es\"><span data-contrast=\"none\">info@lascolinasgolf.es<\/span><\/a><span data-contrast=\"none\">.&nbsp;<\/span><span data-ccp-props=\"{&quot;134233117&quot;:true,&quot;134233118&quot;:true,&quot;201341983&quot;:0,&quot;335551550&quot;:6,&quot;335551620&quot;:6,&quot;335559739&quot;:300,&quot;335559740&quot;:240}\">&nbsp;<\/span><\/p>\n<p><span data-contrast=\"none\">Este Aviso Legal establece los t\u00e9rminos y condiciones para acceder y utilizar el Sitio Web lascolinasgolf.com (En adelante el Sitio Web) que Colinas pone gratuitamente a disposici\u00f3n de los usuarios de Internet.&nbsp;<\/span><span data-ccp-props=\"{&quot;134233117&quot;:true,&quot;134233118&quot;:true,&quot;201341983&quot;:0,&quot;335551550&quot;:6,&quot;335551620&quot;:6,&quot;335559739&quot;:300,&quot;335559740&quot;:240}\">&nbsp;<\/span><\/p>\n<p><span data-contrast=\"none\">Usted debe leer cuidadosamente y cumplir las estipulaciones del presente Aviso Legal, as\u00ed como los mensajes, instrucciones o advertencias que le sean comunicadas mientras navega a trav\u00e9s del Sitio Web, en especial la pol\u00edtica de privacidad y pol\u00edtica de cookies. El mero acceso a este Sitio Web representa la aceptaci\u00f3n, sin reserva alguna, de estos t\u00e9rminos y condiciones. Si usted est\u00e1 en desacuerdo con estas estipulaciones, no debe utilizar este Sitio Web. Colinas se reserva el derecho de modificar o actualizar, en cualquier momento y sin previo aviso, estos t\u00e9rminos y condiciones.<\/span><span data-ccp-props=\"{&quot;134233117&quot;:true,&quot;134233118&quot;:true,&quot;201341983&quot;:0,&quot;335551550&quot;:6,&quot;335551620&quot;:6,&quot;335559739&quot;:300,&quot;335559740&quot;:240}\">&nbsp;<\/span><\/p>\n<p><b><span data-contrast=\"none\">El Usuario.- <\/span><\/b><span data-contrast=\"none\">Quien<\/span><b><span data-contrast=\"none\">&nbsp;<\/span><\/b><span data-contrast=\"none\"> accede a este Sitio Web propiedad de Colinas, adquiere la condici\u00f3n de Usuario y reconoce haber le\u00eddo, comprendido, y aceptado estos t\u00e9rminos y condiciones.<\/span><span data-ccp-props=\"{&quot;134233117&quot;:true,&quot;134233118&quot;:true,&quot;201341983&quot;:0,&quot;335551550&quot;:6,&quot;335551620&quot;:6,&quot;335559739&quot;:300,&quot;335559740&quot;:240}\">&nbsp;<\/span><\/p>\n<p><b><span data-contrast=\"none\">Condiciones de Uso.-&nbsp;<\/span><\/b><span data-contrast=\"none\"> El Usuario se compromete a utilizar el Sitio Web conforme a los usos autorizados. Queda completamente prohibida la utilizaci\u00f3n del Sitio Web, su contenido y\/o servicios, con prop\u00f3sitos o efectos ilegales, o de cualquier modo que contravenga la Ley, el orden p\u00fablico o este Aviso Legal. Est\u00e1 igualmente prohibido cualquier uso de este Sitio Web que pueda amenazar o vulnerar derechos o intereses de terceros, o que de cualquier modo perturbe o perjudique el prop\u00f3sito, accesibilidad, uso o funcionamiento del sitio.<\/span><span data-ccp-props=\"{&quot;134233117&quot;:true,&quot;134233118&quot;:true,&quot;201341983&quot;:0,&quot;335551550&quot;:6,&quot;335551620&quot;:6,&quot;335559739&quot;:300,&quot;335559740&quot;:240}\">&nbsp;<\/span><\/p>\n<p><span data-contrast=\"none\">El uso de este Sitio Web es gratuito. Algunos de los servicios prestados a trav\u00e9s de este Sitio Web, puede estar regulado por condiciones de uso, pol\u00edticas y\/o instrucciones especiales que, en tales casos, sustituir\u00e1n, completar\u00e1n o modificar\u00e1n el contenido de este Aviso Legal. En el caso de que se produzca modificaci\u00f3n en el Sitio Web o en sus textos, el Usuario deber\u00e1 aceptar la nueva regulaci\u00f3n para poder disfrutar de tales servicios.<\/span><span data-ccp-props=\"{&quot;134233117&quot;:true,&quot;134233118&quot;:true,&quot;201341983&quot;:0,&quot;335551550&quot;:6,&quot;335551620&quot;:6,&quot;335559739&quot;:300,&quot;335559740&quot;:240}\">&nbsp;<\/span><\/p>\n<p><b><span data-contrast=\"none\">Propiedad Intelectual y Derecho de Autor<\/span><\/b><span data-contrast=\"none\">.- Este Sitio Web y su contenido (incluyendo, con car\u00e1cter meramente enunciativo, contenidos, marcas comerciales, imagines, \u00edconos, dise\u00f1os, y presentaci\u00f3n general del sitio y sus contenidos) son propiedad de Colinas y est\u00e1n protegidos por derechos de autor, marcas registradas y derechos de propiedad intelectual, conforme a las leyes internacionales y espa\u00f1olas. El acceso a este Sitio Web no confiere en ning\u00fan caso, ni podr\u00e1 ser interpretado como, autorizaci\u00f3n o licencia de ning\u00fan tipo sobre dichos derechos, titularidad de Colinas o de terceras personas. Cualquier autorizaci\u00f3n o licencia sobre las p\u00e1ginas web y su contenido, no supone bajo ning\u00fan concepto la renuncia, transmisi\u00f3n o cesi\u00f3n, total ni parcial, de ninguno de estos derechos.<\/span>&nbsp;<br><span data-contrast=\"none\">Ciertos nombres, logotipos y otros materiales expuestos en el contenido o en el Sitio Web est\u00e1n debidamente registrados a nombre de Colinas o de otras entidades. El Usuario no est\u00e1 autorizado para utilizar ninguno de dichos elementos, cuya propiedad permanecer\u00e1, en todo caso, bajo titularidad de Colinas o de dichas entidades.<\/span>&nbsp;<br><span data-contrast=\"none\">Todos los derechos est\u00e1n reservados para Colinas o sus licenciantes. Cualquiera sea el prop\u00f3sito que persiga o el momento en que lo haga, el Usuario tiene prohibido modificar, copiar, distribuir, transmitir, exponer, publicitar, vender y\/o conceder licencias de cualquier contenido de esta Web, as\u00ed como crear trabajos que deriven de los mismos, sin contar con la previa autorizaci\u00f3n expresa y por escrito de Colinas.<\/span>&nbsp;<br><span data-contrast=\"none\">El usuario podr\u00e1, ocasionalmente, imprimir copias de las p\u00e1ginas individuales de este Sitio Web, siempre que \u202flo haga para su uso personal, no comercial, y manteniendo, sin alteraciones, los signos referentes a Derechos de Autor, Marcas Registradas, y cualquier otra identificaci\u00f3n concerniente a los derechos de Colinas o de terceras partes. La realizaci\u00f3n de cualquier otra clase de copia, bien en formato electr\u00f3nico, en papel u otra modalidad, queda completamente prohibida.<\/span><span data-ccp-props=\"{&quot;134233117&quot;:true,&quot;134233118&quot;:true,&quot;201341983&quot;:0,&quot;335551550&quot;:6,&quot;335551620&quot;:6,&quot;335559739&quot;:300,&quot;335559740&quot;:240}\">&nbsp;<\/span><\/p>\n<p><b><span data-contrast=\"none\">L\u00edmite de Responsabilidad y Garant\u00eda<\/span><\/b><span data-contrast=\"none\">.- Todo el contenido del Sitio Web es suministrado a t\u00edtulo informativo, para conveniencia del Usuario y sin garant\u00edas expresas o impl\u00edcitas de ninguna clase. Colinas, las empresas de su grupo, sus proveedores, las personas involucradas en la creaci\u00f3n, producci\u00f3n y distribuci\u00f3n de esta Web, no garantizan, ni individual, ni conjuntamente, que el funcionamiento de la misma, ser\u00e1 ininterrumpido o libre de todo error, ni que el servidor que hace accesible su contenido estar\u00e1 libre de virus o componentes da\u00f1inos. Colinas no garantiza la utilidad de este Sitio Web, ni de la informaci\u00f3n y servicios proporcionados a trav\u00e9s del mismo, para ning\u00fan uso, fin o actividad determinados. Colinas se reserva el derecho de realizar cualquier modificaci\u00f3n t\u00e9cnica a fin de mejorar la calidad, eficiencia o efectividad del sistema y su conectividad.<\/span>&nbsp;<br><span data-contrast=\"none\">El uso de este Sitio Web queda a riego total del Usuario. Ni Colinas, ni sus empresas afiliadas o colaboradoras (como proveedores de contenidos o de servicios de alojamiento\/hosting, a t\u00edtulo meramente enunciativo), ni sus empleados o proveedores, ni las personas o entidades relacionadas con la creaci\u00f3n, producci\u00f3n, distribuci\u00f3n, alojamiento u funcionamiento de este Web Site, ser\u00e1 responsable ante ninguna persona o entidad, de cualquier clase de p\u00e9rdida, da\u00f1o, perjuicio, o reclamo basado o resultante del uso o intento de uso del contenido y\/o informaci\u00f3n de este Sitio Web, o de otros sitios accesibles a trav\u00e9s de enlaces \u2013links- (incluido el uso de, y el acceso a, cualquier software o hardware).<\/span><span data-ccp-props=\"{&quot;134233117&quot;:true,&quot;134233118&quot;:true,&quot;201341983&quot;:0,&quot;335551550&quot;:6,&quot;335551620&quot;:6,&quot;335559739&quot;:300,&quot;335559740&quot;:240}\">&nbsp;<\/span><\/p>\n<p><span data-contrast=\"none\">La informaci\u00f3n contenida en este Sitio Web, puede provenir en ciertos casos, de fuentes ajenas a Colinas, es por ello que esta entidad no avala, ni garantiza en modo alguno la fidelidad, exactitud, veracidad o vigencia de ninguna informaci\u00f3n de esta clase publicada o referida en este Sitio Web.<\/span><span data-ccp-props=\"{&quot;134233117&quot;:true,&quot;134233118&quot;:true,&quot;201341983&quot;:0,&quot;335551550&quot;:6,&quot;335551620&quot;:6,&quot;335559739&quot;:300,&quot;335559740&quot;:240}\">&nbsp;<\/span><\/p>\n<p><b><span data-contrast=\"none\">Enlaces<\/span><\/b><span data-contrast=\"none\">.- Colinas no controla, y en consecuencia\u202f no es responsable por el contenido de otros Sitios desde los que pueda accederse a este Sitio Web, o a los que \u00e9ste permita acceder a trav\u00e9s de enlaces (links). Colinas pone tales enlaces a disposici\u00f3n del Usuario, para la comodidad y conveniencia de \u00e9ste, acci\u00f3n que en ning\u00fan caso podr\u00e1 ser interpretada como la aprobaci\u00f3n o el patrocinio por parte de Colinas, de los contenidos de dichos Sitios Web, ni como su participaci\u00f3n, bajo ning\u00fan t\u00edtulo, en un Sitio Web distinto a \u00e9ste. Colinas no ofrece ninguna garant\u00eda, expresa o impl\u00edcita, sobre la veracidad, propiedad, validez o legalidad de cualquiera de los Sitios Enlazados y su contenido.<\/span><span data-ccp-props=\"{&quot;134233117&quot;:true,&quot;134233118&quot;:true,&quot;201341983&quot;:0,&quot;335551550&quot;:6,&quot;335551620&quot;:6,&quot;335559739&quot;:300,&quot;335559740&quot;:240}\">&nbsp;<\/span><\/p>\n<p><b><span data-contrast=\"none\">Jurisdicci\u00f3n y Ley Aplicable<\/span><\/b><span data-contrast=\"none\">.- Este Sitio Web, sus contenidos y servicios, tienen como idioma principal el espa\u00f1ol, por lo que en el caso de que acceda a trav\u00e9s de textos traducidos debe considerar que en caso de discrepancia tendr\u00e1 validez el texto expresado en espa\u00f1ol.&nbsp;<\/span><span data-ccp-props=\"{&quot;134233117&quot;:true,&quot;134233118&quot;:true,&quot;201341983&quot;:0,&quot;335551550&quot;:6,&quot;335551620&quot;:6,&quot;335559739&quot;:300,&quot;335559740&quot;:240}\">&nbsp;<\/span><\/p>\n<p><span data-contrast=\"none\">Del mismo modo, este Sitio Web, sus contenidos y servicios, se rigen por la legislaci\u00f3n com\u00fan espa\u00f1ola, e igualmente cualquiera de los textos, t\u00e9rminos y condiciones que aparecen en la web, deber\u00e1n interpretarse conforme a la misma.&nbsp;<\/span><span data-ccp-props=\"{&quot;134233117&quot;:true,&quot;134233118&quot;:true,&quot;201341983&quot;:0,&quot;335551550&quot;:6,&quot;335551620&quot;:6,&quot;335559739&quot;:300,&quot;335559740&quot;:240}\">&nbsp;<\/span><\/p>\n<p><span data-contrast=\"none\">Para cualquier cuesti\u00f3n o controversia que pudiera surgir, las partes, se someten a la legislaci\u00f3n com\u00fan espa\u00f1ola y con renuncia expresa a cualquier otros fuero que pudiera corresponderles, acuerdan someterse a los Juzgados y Tribunales de Madrid.<\/span><span data-ccp-props=\"{&quot;134233117&quot;:true,&quot;134233118&quot;:true,&quot;201341983&quot;:0,&quot;335551550&quot;:6,&quot;335551620&quot;:6,&quot;335559739&quot;:300,&quot;335559740&quot;:240}\">&nbsp;<\/span><\/p>\t\t\t\t\t\t\t\t\t\t\t\t\t\t<\/div>\n\t\t\t\t<\/div>\n\t\t\t\t\t<\/div>\n\t\t\t\t<\/div>\n\t\t\t\t<\/div>\n\t\t","protected":false},"excerpt":{"rendered":"<p>Colinas Golf Residencial S.L.\u202f(en adelante Colinas), en cumplimiento de la Ley 34\/2002, de 11 de Julio, de la Sociedad de la Informaci\u00f3n y de Comercio Electr\u00f3nico, pone a disposici\u00f3n de sus clientes y de los usuarios de su p\u00e1gina Web, la siguiente informaci\u00f3n&nbsp;&nbsp;&nbsp; Este Sitio Web es propiedad de Colinas Golf Residencial S.L., con domicilio [&hellip;]<\/p>\n","protected":false},"author":2,"featured_media":0,"parent":0,"menu_order":0,"comment_status":"closed","ping_status":"closed","template":"","meta":{"_acf_changed":false,"footnotes":""},"class_list":["post-2393","page","type-page","status-publish","hentry"],"acf":[],"yoast_head":"<!-- This site is optimized with the Yoast SEO plugin v26.5 - https:\/\/yoast.com\/wordpress\/plugins\/seo\/ -->\n<title>Aviso legal - Colinas<\/title>\n<meta name=\"robots\" content=\"index, follow, max-snippet:-1, max-image-preview:large, max-video-preview:-1\" \/>\n<link rel=\"canonical\" href=\"https:\/\/lascolinasresidential.com\/es\/aviso-legal\/\" \/>\n<meta property=\"og:locale\" content=\"es_ES\" \/>\n<meta property=\"og:type\" content=\"article\" \/>\n<meta property=\"og:title\" content=\"Aviso legal - Colinas\" \/>\n<meta property=\"og:description\" content=\"Colinas Golf Residencial S.L.\u202f(en adelante Colinas), en cumplimiento de la Ley 34\/2002, de 11 de Julio, de la Sociedad de la Informaci\u00f3n y de Comercio Electr\u00f3nico, pone a disposici\u00f3n de sus clientes y de los usuarios de su p\u00e1gina Web, la siguiente informaci\u00f3n&nbsp;&nbsp;&nbsp; Este Sitio Web es propiedad de Colinas Golf Residencial S.L., con domicilio [&hellip;]\" \/>\n<meta property=\"og:url\" content=\"https:\/\/lascolinasresidential.com\/es\/aviso-legal\/\" \/>\n<meta property=\"og:site_name\" content=\"Colinas\" \/>\n<meta property=\"article:modified_time\" content=\"2024-12-16T10:24:19+00:00\" \/>\n<meta name=\"twitter:card\" content=\"summary_large_image\" \/>\n<meta name=\"twitter:label1\" content=\"Tiempo de lectura\" \/>\n\t<meta name=\"twitter:data1\" content=\"6 minutos\" \/>\n<script type=\"application\/ld+json\" class=\"yoast-schema-graph\">{\"@context\":\"https:\/\/schema.org\",\"@graph\":[{\"@type\":\"WebPage\",\"@id\":\"https:\/\/lascolinasresidential.com\/es\/aviso-legal\/\",\"url\":\"https:\/\/lascolinasresidential.com\/es\/aviso-legal\/\",\"name\":\"Aviso legal - Colinas\",\"isPartOf\":{\"@id\":\"https:\/\/lascolinasresidential.com\/en\/#website\"},\"datePublished\":\"2024-11-22T14:52:46+00:00\",\"dateModified\":\"2024-12-16T10:24:19+00:00\",\"breadcrumb\":{\"@id\":\"https:\/\/lascolinasresidential.com\/es\/aviso-legal\/#breadcrumb\"},\"inLanguage\":\"es\",\"potentialAction\":[{\"@type\":\"ReadAction\",\"target\":[\"https:\/\/lascolinasresidential.com\/es\/aviso-legal\/\"]}]},{\"@type\":\"BreadcrumbList\",\"@id\":\"https:\/\/lascolinasresidential.com\/es\/aviso-legal\/#breadcrumb\",\"itemListElement\":[{\"@type\":\"ListItem\",\"position\":1,\"name\":\"Home\",\"item\":\"https:\/\/lascolinasresidential.com\/es\/\"},{\"@type\":\"ListItem\",\"position\":2,\"name\":\"Aviso legal\"}]},{\"@type\":\"WebSite\",\"@id\":\"https:\/\/lascolinasresidential.com\/en\/#website\",\"url\":\"https:\/\/lascolinasresidential.com\/en\/\",\"name\":\"Colinas\",\"description\":\"\",\"potentialAction\":[{\"@type\":\"SearchAction\",\"target\":{\"@type\":\"EntryPoint\",\"urlTemplate\":\"https:\/\/lascolinasresidential.com\/en\/?s={search_term_string}\"},\"query-input\":{\"@type\":\"PropertyValueSpecification\",\"valueRequired\":true,\"valueName\":\"search_term_string\"}}],\"inLanguage\":\"es\"}]}<\/script>\n<!-- \/ Yoast SEO plugin. -->","yoast_head_json":{"title":"Aviso legal - Colinas","robots":{"index":"index","follow":"follow","max-snippet":"max-snippet:-1","max-image-preview":"max-image-preview:large","max-video-preview":"max-video-preview:-1"},"canonical":"https:\/\/lascolinasresidential.com\/es\/aviso-legal\/","og_locale":"es_ES","og_type":"article","og_title":"Aviso legal - Colinas","og_description":"Colinas Golf Residencial S.L.\u202f(en adelante Colinas), en cumplimiento de la Ley 34\/2002, de 11 de Julio, de la Sociedad de la Informaci\u00f3n y de Comercio Electr\u00f3nico, pone a disposici\u00f3n de sus clientes y de los usuarios de su p\u00e1gina Web, la siguiente informaci\u00f3n&nbsp;&nbsp;&nbsp; Este Sitio Web es propiedad de Colinas Golf Residencial S.L., con domicilio [&hellip;]","og_url":"https:\/\/lascolinasresidential.com\/es\/aviso-legal\/","og_site_name":"Colinas","article_modified_time":"2024-12-16T10:24:19+00:00","twitter_card":"summary_large_image","twitter_misc":{"Tiempo de lectura":"6 minutos"},"schema":{"@context":"https:\/\/schema.org","@graph":[{"@type":"WebPage","@id":"https:\/\/lascolinasresidential.com\/es\/aviso-legal\/","url":"https:\/\/lascolinasresidential.com\/es\/aviso-legal\/","name":"Aviso legal - Colinas","isPartOf":{"@id":"https:\/\/lascolinasresidential.com\/en\/#website"},"datePublished":"2024-11-22T14:52:46+00:00","dateModified":"2024-12-16T10:24:19+00:00","breadcrumb":{"@id":"https:\/\/lascolinasresidential.com\/es\/aviso-legal\/#breadcrumb"},"inLanguage":"es","potentialAction":[{"@type":"ReadAction","target":["https:\/\/lascolinasresidential.com\/es\/aviso-legal\/"]}]},{"@type":"BreadcrumbList","@id":"https:\/\/lascolinasresidential.com\/es\/aviso-legal\/#breadcrumb","itemListElement":[{"@type":"ListItem","position":1,"name":"Home","item":"https:\/\/lascolinasresidential.com\/es\/"},{"@type":"ListItem","position":2,"name":"Aviso legal"}]},{"@type":"WebSite","@id":"https:\/\/lascolinasresidential.com\/en\/#website","url":"https:\/\/lascolinasresidential.com\/en\/","name":"Colinas","description":"","potentialAction":[{"@type":"SearchAction","target":{"@type":"EntryPoint","urlTemplate":"https:\/\/lascolinasresidential.com\/en\/?s={search_term_string}"},"query-input":{"@type":"PropertyValueSpecification","valueRequired":true,"valueName":"search_term_string"}}],"inLanguage":"es"}]}},"_links":{"self":[{"href":"https:\/\/lascolinasresidential.com\/es\/wp-json\/wp\/v2\/pages\/2393","targetHints":{"allow":["GET"]}}],"collection":[{"href":"https:\/\/lascolinasresidential.com\/es\/wp-json\/wp\/v2\/pages"}],"about":[{"href":"https:\/\/lascolinasresidential.com\/es\/wp-json\/wp\/v2\/types\/page"}],"author":[{"embeddable":true,"href":"https:\/\/lascolinasresidential.com\/es\/wp-json\/wp\/v2\/users\/2"}],"replies":[{"embeddable":true,"href":"https:\/\/lascolinasresidential.com\/es\/wp-json\/wp\/v2\/comments?post=2393"}],"version-history":[{"count":10,"href":"https:\/\/lascolinasresidential.com\/es\/wp-json\/wp\/v2\/pages\/2393\/revisions"}],"predecessor-version":[{"id":2947,"href":"https:\/\/lascolinasresidential.com\/es\/wp-json\/wp\/v2\/pages\/2393\/revisions\/2947"}],"wp:attachment":[{"href":"https:\/\/lascolinasresidential.com\/es\/wp-json\/wp\/v2\/media?parent=2393"}],"curies":[{"name":"wp","href":"https:\/\/api.w.org\/{rel}","templated":true}]}}