{"id":9255,"date":"2025-09-17T11:37:38","date_gmt":"2025-09-17T09:37:38","guid":{"rendered":"https:\/\/lascolinasresidential.com\/?page_id=9255"},"modified":"2025-09-22T09:16:44","modified_gmt":"2025-09-22T07:16:44","slug":"my-las-colinas","status":"publish","type":"page","link":"https:\/\/lascolinasresidential.com\/es\/my-las-colinas\/","title":{"rendered":"My Las Colinas"},"content":{"rendered":"\t\t<div data-elementor-type=\"wp-page\" data-elementor-id=\"9255\" class=\"elementor elementor-9255\" data-elementor-post-type=\"page\">\n\t\t\t\t<div class=\"elementor-element elementor-element-5d3fd06 e-con-full video-hero-home internal-hero e-flex e-con e-parent\" data-id=\"5d3fd06\" data-element_type=\"container\" data-settings=\"{&quot;background_background&quot;:&quot;classic&quot;}\">\n\t\t\t\t<div class=\"elementor-element elementor-element-e4764c5 elementor-widget elementor-widget-heading\" data-id=\"e4764c5\" data-element_type=\"widget\" data-widget_type=\"heading.default\">\n\t\t\t\t<div class=\"elementor-widget-container\">\n\t\t\t\t\t<h1 class=\"elementor-heading-title elementor-size-default\">La llave a un mundo de<br><i>experiencias y privilegios <br>exclusivos<\/i><\/h1>\t\t\t\t<\/div>\n\t\t\t\t<\/div>\n\t\t\t\t<div class=\"elementor-element elementor-element-3ce3d70 elementor-hidden-widescreen elementor-hidden-desktop elementor-hidden-laptop elementor-hidden-tablet_extra elementor-hidden-tablet elementor-hidden-mobile_extra elementor-hidden-mobile elementor-widget elementor-widget-text-editor\" data-id=\"3ce3d70\" data-element_type=\"widget\" data-widget_type=\"text-editor.default\">\n\t\t\t\t<div class=\"elementor-widget-container\">\n\t\t\t\t\t\t\t\t\t<p>Lifestyle, servicios y privilegios<\/p>\t\t\t\t\t\t\t\t<\/div>\n\t\t\t\t<\/div>\n\t\t\t\t<div class=\"elementor-element elementor-element-a06933b elementor-widget elementor-widget-image\" data-id=\"a06933b\" data-element_type=\"widget\" data-widget_type=\"image.default\">\n\t\t\t\t<div class=\"elementor-widget-container\">\n\t\t\t\t\t\t\t\t\t\t\t\t\t\t\t<img loading=\"lazy\" decoding=\"async\" width=\"1024\" height=\"236\" src=\"https:\/\/lascolinasresidential.com\/app\/uploads\/2025\/09\/AF_logo-My-Colinas_RGB_Blanco-1024x236.png\" class=\"attachment-large size-large wp-image-9269\" alt=\"\" srcset=\"https:\/\/lascolinasresidential.com\/app\/uploads\/2025\/09\/AF_logo-My-Colinas_RGB_Blanco-1024x236.png 1024w, https:\/\/lascolinasresidential.com\/app\/uploads\/2025\/09\/AF_logo-My-Colinas_RGB_Blanco-300x69.png 300w, https:\/\/lascolinasresidential.com\/app\/uploads\/2025\/09\/AF_logo-My-Colinas_RGB_Blanco-768x177.png 768w, https:\/\/lascolinasresidential.com\/app\/uploads\/2025\/09\/AF_logo-My-Colinas_RGB_Blanco.png 1182w\" sizes=\"auto, (max-width: 1024px) 100vw, 1024px\" \/>\t\t\t\t\t\t\t\t\t\t\t\t\t\t\t<\/div>\n\t\t\t\t<\/div>\n\t\t\t\t<\/div>\n\t\t<div class=\"elementor-element elementor-element-fb448aa breadcrumb e-flex e-con-boxed e-con e-parent\" data-id=\"fb448aa\" data-element_type=\"container\">\n\t\t\t\t\t<div class=\"e-con-inner\">\n\t\t\t\t<div class=\"elementor-element elementor-element-32aa58b elementor-widget elementor-widget-breadcrumbs\" data-id=\"32aa58b\" data-element_type=\"widget\" data-widget_type=\"breadcrumbs.default\">\n\t\t\t\t<div class=\"elementor-widget-container\">\n\t\t\t\t\t<p id=\"breadcrumbs\"><span><span><a href=\"https:\/\/lascolinasresidential.com\/es\/\">Home<\/a><\/span><\/span><\/p>\t\t\t\t<\/div>\n\t\t\t\t<\/div>\n\t\t\t\t\t<\/div>\n\t\t\t\t<\/div>\n\t\t<div class=\"elementor-element elementor-element-929dc48 lifestyle-privileges e-flex e-con-boxed e-con e-parent\" data-id=\"929dc48\" data-element_type=\"container\">\n\t\t\t\t\t<div class=\"e-con-inner\">\n\t\t<div class=\"elementor-element elementor-element-6f503c3 e-con-full col-left e-flex e-con e-child\" data-id=\"6f503c3\" data-element_type=\"container\">\n\t\t\t\t<div class=\"elementor-element elementor-element-8328a4f section-pretitle elementor-widget elementor-widget-heading\" data-id=\"8328a4f\" data-element_type=\"widget\" data-widget_type=\"heading.default\">\n\t\t\t\t<div class=\"elementor-widget-container\">\n\t\t\t\t\t<span class=\"elementor-heading-title elementor-size-default\">SERVICIOS Y PRIVILEGIOS EXCLUSIVOS<\/span>\t\t\t\t<\/div>\n\t\t\t\t<\/div>\n\t\t\t\t<div class=\"elementor-element elementor-element-0feec7c section-title elementor-widget elementor-widget-heading\" data-id=\"0feec7c\" data-element_type=\"widget\" data-widget_type=\"heading.default\">\n\t\t\t\t<div class=\"elementor-widget-container\">\n\t\t\t\t\t<h2 class=\"elementor-heading-title elementor-size-default\">\u00bfQu\u00e9 privilegios ofrece <br>pertenecer a <i>My Las Colinas?<\/i><\/h2>\t\t\t\t<\/div>\n\t\t\t\t<\/div>\n\t\t\t\t<\/div>\n\t\t<div class=\"elementor-element elementor-element-ccc0208 e-con-full col-center e-flex e-con e-child\" data-id=\"ccc0208\" data-element_type=\"container\">\n\t\t\t\t<div class=\"elementor-element elementor-element-b0e4d6e section-text elementor-widget elementor-widget-text-editor\" data-id=\"b0e4d6e\" data-element_type=\"widget\" data-widget_type=\"text-editor.default\">\n\t\t\t\t<div class=\"elementor-widget-container\">\n\t\t\t\t\t\t\t\t\tAl adquirir una propiedad en Las Colinas Golf &amp; Country Club no solo compras una vivienda, accedes a un estilo de vida exclusivo.\n\nMy Las Colinas es el club privado para propietarios, un mundo de privilegios que refuerza la sensaci\u00f3n de pertenencia y vivir cada d\u00eda como una experiencia irrepetible.\t\t\t\t\t\t\t\t<\/div>\n\t\t\t\t<\/div>\n\t\t\t\t<\/div>\n\t\t<div class=\"elementor-element elementor-element-e96b512 e-con-full col-right e-flex e-con e-child\" data-id=\"e96b512\" data-element_type=\"container\">\n\t\t\t\t<div class=\"elementor-element elementor-element-7831444 elementor-position-top elementor-widget elementor-widget-image-box\" data-id=\"7831444\" data-element_type=\"widget\" data-widget_type=\"image-box.default\">\n\t\t\t\t<div class=\"elementor-widget-container\">\n\t\t\t\t\t<div class=\"elementor-image-box-wrapper\"><figure class=\"elementor-image-box-img\"><img loading=\"lazy\" decoding=\"async\" width=\"380\" height=\"401\" src=\"https:\/\/lascolinasresidential.com\/app\/uploads\/2024\/10\/privi1.jpg\" class=\"attachment-full size-full wp-image-926\" alt=\"\" \/><\/figure><div class=\"elementor-image-box-content\"><h3 class=\"elementor-image-box-title\">Descuentos exclusivos<\/h3><p class=\"elementor-image-box-description\">Los propietarios de Las Colinas cuentan con descuentos exclusivos en los servicios e instalaciones.<\/p><\/div><\/div>\t\t\t\t<\/div>\n\t\t\t\t<\/div>\n\t\t\t\t<div class=\"elementor-element elementor-element-605675e elementor-position-top elementor-widget elementor-widget-image-box\" data-id=\"605675e\" data-element_type=\"widget\" data-widget_type=\"image-box.default\">\n\t\t\t\t<div class=\"elementor-widget-container\">\n\t\t\t\t\t<div class=\"elementor-image-box-wrapper\"><figure class=\"elementor-image-box-img\"><img loading=\"lazy\" decoding=\"async\" width=\"381\" height=\"401\" src=\"https:\/\/lascolinasresidential.com\/app\/uploads\/2024\/12\/Eventos-1.webp\" class=\"attachment-full size-full wp-image-4505\" alt=\"\" srcset=\"https:\/\/lascolinasresidential.com\/app\/uploads\/2024\/12\/Eventos-1.webp 381w, https:\/\/lascolinasresidential.com\/app\/uploads\/2024\/12\/Eventos-1-285x300.webp 285w\" sizes=\"auto, (max-width: 381px) 100vw, 381px\" \/><\/figure><div class=\"elementor-image-box-content\"><h3 class=\"elementor-image-box-title\">Eventos privados<span style=\"font-family: var( --e-global-typography-primary-font-family ), Sans-serif;font-weight: var( --e-global-typography-primary-font-weight )\"><\/span><\/h3><p class=\"elementor-image-box-description\">La vida social del complejo est\u00e1 amenizada por eventos exclusivos gastron\u00f3micos, deportivos, sociales...<\/p><\/div><\/div>\t\t\t\t<\/div>\n\t\t\t\t<\/div>\n\t\t\t\t<div class=\"elementor-element elementor-element-7b7b96c elementor-position-top elementor-widget elementor-widget-image-box\" data-id=\"7b7b96c\" data-element_type=\"widget\" data-widget_type=\"image-box.default\">\n\t\t\t\t<div class=\"elementor-widget-container\">\n\t\t\t\t\t<div class=\"elementor-image-box-wrapper\"><figure class=\"elementor-image-box-img\"><img loading=\"lazy\" decoding=\"async\" width=\"380\" height=\"401\" src=\"https:\/\/lascolinasresidential.com\/app\/uploads\/2024\/10\/privi3.jpg\" class=\"attachment-full size-full wp-image-928\" alt=\"\" \/><\/figure><div class=\"elementor-image-box-content\"><h3 class=\"elementor-image-box-title\">Atenci\u00f3n al propietario<span style=\"font-family: var( --e-global-typography-primary-font-family ), Sans-serif;font-weight: var( --e-global-typography-primary-font-weight )\"><\/span><\/h3><p class=\"elementor-image-box-description\">En Las Colinas contamos con un equipo especializado para acompa\u00f1arte en cada momento y atender tus necesidades.<\/p><\/div><\/div>\t\t\t\t<\/div>\n\t\t\t\t<\/div>\n\t\t\t\t<div class=\"elementor-element elementor-element-1a5b740 elementor-position-top elementor-widget elementor-widget-image-box\" data-id=\"1a5b740\" data-element_type=\"widget\" data-widget_type=\"image-box.default\">\n\t\t\t\t<div class=\"elementor-widget-container\">\n\t\t\t\t\t<div class=\"elementor-image-box-wrapper\"><figure class=\"elementor-image-box-img\"><img loading=\"lazy\" decoding=\"async\" width=\"380\" height=\"401\" src=\"https:\/\/lascolinasresidential.com\/app\/uploads\/2025\/01\/seguridad-24-7-2-1.jpg\" class=\"attachment-full size-full wp-image-5524\" alt=\"\" srcset=\"https:\/\/lascolinasresidential.com\/app\/uploads\/2025\/01\/seguridad-24-7-2-1.jpg 380w, https:\/\/lascolinasresidential.com\/app\/uploads\/2025\/01\/seguridad-24-7-2-1-284x300.jpg 284w\" sizes=\"auto, (max-width: 380px) 100vw, 380px\" \/><\/figure><div class=\"elementor-image-box-content\"><h3 class=\"elementor-image-box-title\">Seguridad  24\/7<span style=\"font-family: var( --e-global-typography-primary-font-family ), Sans-serif;font-weight: var( --e-global-typography-primary-font-weight )\"><\/span><\/h3><p class=\"elementor-image-box-description\">Tu tranquilidad es nuestra prioridad. Contamos con un servicio de vigilancia 24 horas al d\u00eda, los 7 d\u00edas de la semana, personal altamente capacitado y tecnolog\u00eda para garantizar que disfrutes de cada momento con total tranquilidad.<\/p><\/div><\/div>\t\t\t\t<\/div>\n\t\t\t\t<\/div>\n\t\t\t\t<div class=\"elementor-element elementor-element-bc7019b elementor-position-top elementor-widget elementor-widget-image-box\" data-id=\"bc7019b\" data-element_type=\"widget\" data-widget_type=\"image-box.default\">\n\t\t\t\t<div class=\"elementor-widget-container\">\n\t\t\t\t\t<div class=\"elementor-image-box-wrapper\"><figure class=\"elementor-image-box-img\"><img loading=\"lazy\" decoding=\"async\" width=\"381\" height=\"401\" src=\"https:\/\/lascolinasresidential.com\/app\/uploads\/2024\/12\/piscina.webp\" class=\"attachment-full size-full wp-image-4509\" alt=\"\" srcset=\"https:\/\/lascolinasresidential.com\/app\/uploads\/2024\/12\/piscina.webp 381w, https:\/\/lascolinasresidential.com\/app\/uploads\/2024\/12\/piscina-285x300.webp 285w\" sizes=\"auto, (max-width: 381px) 100vw, 381px\" \/><\/figure><div class=\"elementor-image-box-content\"><h3 class=\"elementor-image-box-title\">Jardiner\u00eda \/ Piscina \/ Mantenimiento<span style=\"font-family: var( --e-global-typography-primary-font-family ), Sans-serif;font-weight: var( --e-global-typography-primary-font-weight )\"><\/span><\/h3><p class=\"elementor-image-box-description\">Ponemos a tu disposici\u00f3n un equipo especializado que garantiza el cuidado integral de jardines y piscinas.<\/p><\/div><\/div>\t\t\t\t<\/div>\n\t\t\t\t<\/div>\n\t\t\t\t<div class=\"elementor-element elementor-element-862d8c4 elementor-position-top elementor-widget elementor-widget-image-box\" data-id=\"862d8c4\" data-element_type=\"widget\" data-widget_type=\"image-box.default\">\n\t\t\t\t<div class=\"elementor-widget-container\">\n\t\t\t\t\t<div class=\"elementor-image-box-wrapper\"><figure class=\"elementor-image-box-img\"><img loading=\"lazy\" decoding=\"async\" width=\"381\" height=\"401\" src=\"https:\/\/lascolinasresidential.com\/app\/uploads\/2025\/09\/My-las-Colinas-tarjeta-01B.webp\" class=\"attachment-full size-full wp-image-9277\" alt=\"\" srcset=\"https:\/\/lascolinasresidential.com\/app\/uploads\/2025\/09\/My-las-Colinas-tarjeta-01B.webp 381w, https:\/\/lascolinasresidential.com\/app\/uploads\/2025\/09\/My-las-Colinas-tarjeta-01B-285x300.webp 285w\" sizes=\"auto, (max-width: 381px) 100vw, 381px\" \/><\/figure><div class=\"elementor-image-box-content\"><h3 class=\"elementor-image-box-title\">My Las Colinas<\/h3><p class=\"elementor-image-box-description\">Un espacio privado de conexi\u00f3n entre propietarios, donde compartir novedades, eventos y el verdadero esp\u00edritu de comunidad.<\/p><\/div><\/div>\t\t\t\t<\/div>\n\t\t\t\t<\/div>\n\t\t\t\t<\/div>\n\t\t\t\t\t<\/div>\n\t\t\t\t<\/div>\n\t\t<div class=\"elementor-element elementor-element-274a3e1 property-banner bottom-banner lifestyle-property-banner e-flex e-con-boxed e-con e-parent\" data-id=\"274a3e1\" data-element_type=\"container\" data-settings=\"{&quot;background_background&quot;:&quot;classic&quot;}\">\n\t\t\t\t\t<div class=\"e-con-inner\">\n\t\t\t\t<div class=\"elementor-element elementor-element-e661b6d section-pretitle elementor-widget elementor-widget-heading\" data-id=\"e661b6d\" data-element_type=\"widget\" data-widget_type=\"heading.default\">\n\t\t\t\t<div class=\"elementor-widget-container\">\n\t\t\t\t\t<span class=\"elementor-heading-title elementor-size-default\">las colinas experience<\/span>\t\t\t\t<\/div>\n\t\t\t\t<\/div>\n\t\t\t\t<div class=\"elementor-element elementor-element-002c2f8 section-title elementor-widget elementor-widget-heading\" data-id=\"002c2f8\" data-element_type=\"widget\" data-widget_type=\"heading.default\">\n\t\t\t\t<div class=\"elementor-widget-container\">\n\t\t\t\t\t<h2 class=\"elementor-heading-title elementor-size-default\">Vivir en un  <i>entorno \u00fanico<\/i><\/h2>\t\t\t\t<\/div>\n\t\t\t\t<\/div>\n\t\t\t\t<div class=\"elementor-element elementor-element-22e1c78 section-text elementor-widget elementor-widget-text-editor\" data-id=\"22e1c78\" data-element_type=\"widget\" data-widget_type=\"text-editor.default\">\n\t\t\t\t<div class=\"elementor-widget-container\">\n\t\t\t\t\t\t\t\t\t<p>Descubre y experimenta todo lo que Las Colinas Residential tiene para ofrecer con el paquete Las Colinas Experience. Para m\u00e1s informaci\u00f3n, rellene el formulario.<\/p>\t\t\t\t\t\t\t\t<\/div>\n\t\t\t\t<\/div>\n\t\t\t\t<div class=\"elementor-element elementor-element-47c432c btn-tipo btn-gold elementor-widget elementor-widget-button\" data-id=\"47c432c\" data-element_type=\"widget\" data-widget_type=\"button.default\">\n\t\t\t\t<div class=\"elementor-widget-container\">\n\t\t\t\t\t\t\t\t\t<div class=\"elementor-button-wrapper\">\n\t\t\t\t\t<a class=\"elementor-button elementor-button-link elementor-size-sm\" href=\"https:\/\/lascolinasresidential.com\/es\/las-colinas-experience\/\">\n\t\t\t\t\t\t<span class=\"elementor-button-content-wrapper\">\n\t\t\t\t\t\t\t\t\t<span class=\"elementor-button-text\">visita personalizada<\/span>\n\t\t\t\t\t<\/span>\n\t\t\t\t\t<\/a>\n\t\t\t\t<\/div>\n\t\t\t\t\t\t\t\t<\/div>\n\t\t\t\t<\/div>\n\t\t\t\t\t<\/div>\n\t\t\t\t<\/div>\n\t\t\t\t<\/div>\n\t\t","protected":false},"excerpt":{"rendered":"<p>La llave a un mundo deexperiencias y privilegios exclusivos Lifestyle, servicios y privilegios SERVICIOS Y PRIVILEGIOS EXCLUSIVOS \u00bfQu\u00e9 privilegios ofrece pertenecer a My Las Colinas? Al adquirir una propiedad en Las Colinas Golf &amp; Country Club no solo compras una vivienda, accedes a un estilo de vida exclusivo. My Las Colinas es el club privado [&hellip;]<\/p>\n","protected":false},"author":11,"featured_media":0,"parent":0,"menu_order":0,"comment_status":"closed","ping_status":"closed","template":"","meta":{"_acf_changed":false,"footnotes":""},"class_list":["post-9255","page","type-page","status-publish","hentry"],"acf":[],"yoast_head":"<!-- This site is optimized with the Yoast SEO plugin v26.5 - https:\/\/yoast.com\/wordpress\/plugins\/seo\/ -->\n<title>My Las Colinas - Colinas<\/title>\n<meta name=\"robots\" content=\"index, follow, max-snippet:-1, max-image-preview:large, max-video-preview:-1\" \/>\n<link rel=\"canonical\" href=\"https:\/\/lascolinasresidential.com\/es\/my-las-colinas\/\" \/>\n<meta property=\"og:locale\" content=\"es_ES\" \/>\n<meta property=\"og:type\" content=\"article\" \/>\n<meta property=\"og:title\" content=\"My Las Colinas - Colinas\" \/>\n<meta property=\"og:description\" content=\"La llave a un mundo deexperiencias y privilegios exclusivos Lifestyle, servicios y privilegios SERVICIOS Y PRIVILEGIOS EXCLUSIVOS \u00bfQu\u00e9 privilegios ofrece pertenecer a My Las Colinas? Al adquirir una propiedad en Las Colinas Golf &amp; Country Club no solo compras una vivienda, accedes a un estilo de vida exclusivo. My Las Colinas es el club privado [&hellip;]\" \/>\n<meta property=\"og:url\" content=\"https:\/\/lascolinasresidential.com\/es\/my-las-colinas\/\" \/>\n<meta property=\"og:site_name\" content=\"Colinas\" \/>\n<meta property=\"article:modified_time\" content=\"2025-09-22T07:16:44+00:00\" \/>\n<meta property=\"og:image\" content=\"https:\/\/lascolinasresidential.com\/app\/uploads\/2025\/09\/AF_logo-My-Colinas_RGB_Blanco.png\" \/>\n\t<meta property=\"og:image:width\" content=\"1182\" \/>\n\t<meta property=\"og:image:height\" content=\"272\" \/>\n\t<meta property=\"og:image:type\" content=\"image\/png\" \/>\n<meta name=\"twitter:card\" content=\"summary_large_image\" \/>\n<meta name=\"twitter:label1\" content=\"Tiempo de lectura\" \/>\n\t<meta name=\"twitter:data1\" content=\"3 minutos\" \/>\n<script type=\"application\/ld+json\" class=\"yoast-schema-graph\">{\"@context\":\"https:\/\/schema.org\",\"@graph\":[{\"@type\":\"WebPage\",\"@id\":\"https:\/\/lascolinasresidential.com\/es\/my-las-colinas\/\",\"url\":\"https:\/\/lascolinasresidential.com\/es\/my-las-colinas\/\",\"name\":\"My Las Colinas - Colinas\",\"isPartOf\":{\"@id\":\"https:\/\/lascolinasresidential.com\/en\/#website\"},\"primaryImageOfPage\":{\"@id\":\"https:\/\/lascolinasresidential.com\/es\/my-las-colinas\/#primaryimage\"},\"image\":{\"@id\":\"https:\/\/lascolinasresidential.com\/es\/my-las-colinas\/#primaryimage\"},\"thumbnailUrl\":\"https:\/\/lascolinasresidential.com\/app\/uploads\/2025\/09\/AF_logo-My-Colinas_RGB_Blanco-1024x236.png\",\"datePublished\":\"2025-09-17T09:37:38+00:00\",\"dateModified\":\"2025-09-22T07:16:44+00:00\",\"breadcrumb\":{\"@id\":\"https:\/\/lascolinasresidential.com\/es\/my-las-colinas\/#breadcrumb\"},\"inLanguage\":\"es\",\"potentialAction\":[{\"@type\":\"ReadAction\",\"target\":[\"https:\/\/lascolinasresidential.com\/es\/my-las-colinas\/\"]}]},{\"@type\":\"ImageObject\",\"inLanguage\":\"es\",\"@id\":\"https:\/\/lascolinasresidential.com\/es\/my-las-colinas\/#primaryimage\",\"url\":\"https:\/\/lascolinasresidential.com\/app\/uploads\/2025\/09\/AF_logo-My-Colinas_RGB_Blanco-1024x236.png\",\"contentUrl\":\"https:\/\/lascolinasresidential.com\/app\/uploads\/2025\/09\/AF_logo-My-Colinas_RGB_Blanco-1024x236.png\"},{\"@type\":\"BreadcrumbList\",\"@id\":\"https:\/\/lascolinasresidential.com\/es\/my-las-colinas\/#breadcrumb\",\"itemListElement\":[{\"@type\":\"ListItem\",\"position\":1,\"name\":\"Home\",\"item\":\"https:\/\/lascolinasresidential.com\/es\/\"},{\"@type\":\"ListItem\",\"position\":2,\"name\":\"My Las Colinas\"}]},{\"@type\":\"WebSite\",\"@id\":\"https:\/\/lascolinasresidential.com\/en\/#website\",\"url\":\"https:\/\/lascolinasresidential.com\/en\/\",\"name\":\"Colinas\",\"description\":\"\",\"potentialAction\":[{\"@type\":\"SearchAction\",\"target\":{\"@type\":\"EntryPoint\",\"urlTemplate\":\"https:\/\/lascolinasresidential.com\/en\/?s={search_term_string}\"},\"query-input\":{\"@type\":\"PropertyValueSpecification\",\"valueRequired\":true,\"valueName\":\"search_term_string\"}}],\"inLanguage\":\"es\"}]}<\/script>\n<!-- \/ Yoast SEO plugin. -->","yoast_head_json":{"title":"My Las Colinas - Colinas","robots":{"index":"index","follow":"follow","max-snippet":"max-snippet:-1","max-image-preview":"max-image-preview:large","max-video-preview":"max-video-preview:-1"},"canonical":"https:\/\/lascolinasresidential.com\/es\/my-las-colinas\/","og_locale":"es_ES","og_type":"article","og_title":"My Las Colinas - Colinas","og_description":"La llave a un mundo deexperiencias y privilegios exclusivos Lifestyle, servicios y privilegios SERVICIOS Y PRIVILEGIOS EXCLUSIVOS \u00bfQu\u00e9 privilegios ofrece pertenecer a My Las Colinas? Al adquirir una propiedad en Las Colinas Golf &amp; Country Club no solo compras una vivienda, accedes a un estilo de vida exclusivo. My Las Colinas es el club privado [&hellip;]","og_url":"https:\/\/lascolinasresidential.com\/es\/my-las-colinas\/","og_site_name":"Colinas","article_modified_time":"2025-09-22T07:16:44+00:00","og_image":[{"width":1182,"height":272,"url":"https:\/\/lascolinasresidential.com\/app\/uploads\/2025\/09\/AF_logo-My-Colinas_RGB_Blanco.png","type":"image\/png"}],"twitter_card":"summary_large_image","twitter_misc":{"Tiempo de lectura":"3 minutos"},"schema":{"@context":"https:\/\/schema.org","@graph":[{"@type":"WebPage","@id":"https:\/\/lascolinasresidential.com\/es\/my-las-colinas\/","url":"https:\/\/lascolinasresidential.com\/es\/my-las-colinas\/","name":"My Las Colinas - Colinas","isPartOf":{"@id":"https:\/\/lascolinasresidential.com\/en\/#website"},"primaryImageOfPage":{"@id":"https:\/\/lascolinasresidential.com\/es\/my-las-colinas\/#primaryimage"},"image":{"@id":"https:\/\/lascolinasresidential.com\/es\/my-las-colinas\/#primaryimage"},"thumbnailUrl":"https:\/\/lascolinasresidential.com\/app\/uploads\/2025\/09\/AF_logo-My-Colinas_RGB_Blanco-1024x236.png","datePublished":"2025-09-17T09:37:38+00:00","dateModified":"2025-09-22T07:16:44+00:00","breadcrumb":{"@id":"https:\/\/lascolinasresidential.com\/es\/my-las-colinas\/#breadcrumb"},"inLanguage":"es","potentialAction":[{"@type":"ReadAction","target":["https:\/\/lascolinasresidential.com\/es\/my-las-colinas\/"]}]},{"@type":"ImageObject","inLanguage":"es","@id":"https:\/\/lascolinasresidential.com\/es\/my-las-colinas\/#primaryimage","url":"https:\/\/lascolinasresidential.com\/app\/uploads\/2025\/09\/AF_logo-My-Colinas_RGB_Blanco-1024x236.png","contentUrl":"https:\/\/lascolinasresidential.com\/app\/uploads\/2025\/09\/AF_logo-My-Colinas_RGB_Blanco-1024x236.png"},{"@type":"BreadcrumbList","@id":"https:\/\/lascolinasresidential.com\/es\/my-las-colinas\/#breadcrumb","itemListElement":[{"@type":"ListItem","position":1,"name":"Home","item":"https:\/\/lascolinasresidential.com\/es\/"},{"@type":"ListItem","position":2,"name":"My Las Colinas"}]},{"@type":"WebSite","@id":"https:\/\/lascolinasresidential.com\/en\/#website","url":"https:\/\/lascolinasresidential.com\/en\/","name":"Colinas","description":"","potentialAction":[{"@type":"SearchAction","target":{"@type":"EntryPoint","urlTemplate":"https:\/\/lascolinasresidential.com\/en\/?s={search_term_string}"},"query-input":{"@type":"PropertyValueSpecification","valueRequired":true,"valueName":"search_term_string"}}],"inLanguage":"es"}]}},"_links":{"self":[{"href":"https:\/\/lascolinasresidential.com\/es\/wp-json\/wp\/v2\/pages\/9255","targetHints":{"allow":["GET"]}}],"collection":[{"href":"https:\/\/lascolinasresidential.com\/es\/wp-json\/wp\/v2\/pages"}],"about":[{"href":"https:\/\/lascolinasresidential.com\/es\/wp-json\/wp\/v2\/types\/page"}],"author":[{"embeddable":true,"href":"https:\/\/lascolinasresidential.com\/es\/wp-json\/wp\/v2\/users\/11"}],"replies":[{"embeddable":true,"href":"https:\/\/lascolinasresidential.com\/es\/wp-json\/wp\/v2\/comments?post=9255"}],"version-history":[{"count":22,"href":"https:\/\/lascolinasresidential.com\/es\/wp-json\/wp\/v2\/pages\/9255\/revisions"}],"predecessor-version":[{"id":9295,"href":"https:\/\/lascolinasresidential.com\/es\/wp-json\/wp\/v2\/pages\/9255\/revisions\/9295"}],"wp:attachment":[{"href":"https:\/\/lascolinasresidential.com\/es\/wp-json\/wp\/v2\/media?parent=9255"}],"curies":[{"name":"wp","href":"https:\/\/api.w.org\/{rel}","templated":true}]}}